{"id":198,"date":"2013-05-08T14:14:17","date_gmt":"2013-05-08T12:14:17","guid":{"rendered":"http:\/\/www.prolehre.com\/markusheinemann\/wordpress\/?page_id=198"},"modified":"2013-05-08T14:14:17","modified_gmt":"2013-05-08T12:14:17","slug":"sudoku-mit-cplex","status":"publish","type":"page","link":"https:\/\/markusheinemann.com\/wordpress\/?page_id=198","title":{"rendered":"Sudoku mit CPLEX"},"content":{"rendered":"<p>In Unternehmen wird zur L\u00f6sung von komplizierten Entscheidungsproblemen unter anderem Standardsoftware eingesetzt. Ein Beispiel hierf\u00fcr ist <a title=\"IBM ILOG CPLEX\" href=\"http:\/\/www.google.de\/url?sa=t&amp;rct=j&amp;q=ibm%20cplex&amp;source=web&amp;cd=1&amp;ved=0CDQQFjAA&amp;url=http%3A%2F%2Fwww.ibm.com%2Fsoftware%2Fintegration%2Foptimization%2Fcplex-optimizer%2F&amp;ei=NIxaT8KxFI3jtQb36pSrDA&amp;usg=AFQjCNF0RRKWY0j0-I4k5nqmMg7cO83BIA&amp;cad=rja\" target=\"_blank\">IBM CPLEX<\/a>.<\/p>\n<p>Als Beispiel wie diese Software verwendet werden kann, l\u00e4sst sich hier ein 9&#215;9 Sudoku-Optimierungsmodell heruntergeladen. D.h. jedes 9&#215;9 Sudoku kann damit in kurzer Zeit gel\u00f6st werden.<\/p>\n<p><a href=\"http:\/\/www.heinemann-operations.de\/downloads\/Sudoku.mod\">Sudoku Modell<\/a><\/p>\n<p>Die Sudokuinstanz muss mit Hilfe Nebenbedingungen in das Modell eingegeben werden, dazu kann diese Excel Tabelle benutzt werden:<\/p>\n<p><a href=\"http:\/\/www.prolehre.com\/Markusheinemann\/wordpress\/wp-content\/uploads\/2013\/05\/Eingabe.xlsm\">Eingabetabelle<\/a><\/p>\n","protected":false},"excerpt":{"rendered":"<p>In Unternehmen wird zur L\u00f6sung von komplizierten Entscheidungsproblemen unter anderem Standardsoftware eingesetzt. Ein Beispiel hierf\u00fcr ist IBM CPLEX. Als Beispiel wie diese Software verwendet werden kann, l\u00e4sst sich hier ein 9&#215;9 Sudoku-Optimierungsmodell heruntergeladen. D.h. jedes 9&#215;9 Sudoku kann damit in kurzer Zeit gel\u00f6st werden. Sudoku Modell Die Sudokuinstanz muss mit Hilfe Nebenbedingungen in das Modell [&hellip;]<\/p>\n","protected":false},"author":2,"featured_media":0,"parent":0,"menu_order":0,"comment_status":"closed","ping_status":"closed","template":"","meta":{"footnotes":""},"class_list":["post-198","page","type-page","status-publish","hentry"],"_links":{"self":[{"href":"https:\/\/markusheinemann.com\/wordpress\/index.php?rest_route=\/wp\/v2\/pages\/198","targetHints":{"allow":["GET"]}}],"collection":[{"href":"https:\/\/markusheinemann.com\/wordpress\/index.php?rest_route=\/wp\/v2\/pages"}],"about":[{"href":"https:\/\/markusheinemann.com\/wordpress\/index.php?rest_route=\/wp\/v2\/types\/page"}],"author":[{"embeddable":true,"href":"https:\/\/markusheinemann.com\/wordpress\/index.php?rest_route=\/wp\/v2\/users\/2"}],"replies":[{"embeddable":true,"href":"https:\/\/markusheinemann.com\/wordpress\/index.php?rest_route=%2Fwp%2Fv2%2Fcomments&post=198"}],"version-history":[{"count":0,"href":"https:\/\/markusheinemann.com\/wordpress\/index.php?rest_route=\/wp\/v2\/pages\/198\/revisions"}],"wp:attachment":[{"href":"https:\/\/markusheinemann.com\/wordpress\/index.php?rest_route=%2Fwp%2Fv2%2Fmedia&parent=198"}],"curies":[{"name":"wp","href":"https:\/\/api.w.org\/{rel}","templated":true}]}}